{"id":3,"date":"2021-10-21T09:45:43","date_gmt":"2021-10-21T09:45:43","guid":{"rendered":"http:\/\/localhost\/wordpress\/?page_id=3"},"modified":"2021-12-10T07:51:42","modified_gmt":"2021-12-10T07:51:42","slug":"privacy-policy","status":"publish","type":"page","link":"http:\/\/114lux.es\/?page_id=3","title":{"rendered":"Aviso legal y Politica de privacidad"},"content":{"rendered":"\t\t<div data-elementor-type=\"wp-page\" data-elementor-id=\"3\" class=\"elementor elementor-3\" data-elementor-settings=\"[]\">\n\t\t\t\t\t\t\t<div class=\"elementor-section-wrap\">\n\t\t\t\t\t\t\t<section class=\"elementor-section elementor-top-section elementor-element elementor-element-15d128c2 elementor-section-boxed elementor-section-height-default elementor-section-height-default\" data-id=\"15d128c2\" data-element_type=\"section\">\n\t\t\t\t\t\t<div class=\"elementor-container elementor-column-gap-default\">\n\t\t\t\t\t<div class=\"elementor-column elementor-col-100 elementor-top-column elementor-element elementor-element-e01278f\" data-id=\"e01278f\" data-element_type=\"column\">\n\t\t\t<div class=\"elementor-widget-wrap elementor-element-populated\">\n\t\t\t\t\t\t\t\t<div class=\"elementor-element elementor-element-4957dea6 elementor-widget elementor-widget-text-editor\" data-id=\"4957dea6\" data-element_type=\"widget\" data-widget_type=\"text-editor.default\">\n\t\t\t\t<div class=\"elementor-widget-container\">\n\t\t\t\t\t\t\t<p><!-- wp:heading --><\/p>\n<ol>\n<li>Los datos de los usuarios registrados a trav\u00e9s de los formularios habilitados al efecto en el sitio web son recabados por 114 LUX ESPAI DE LLUM, SL con la finalidad de facilitar la prestaci\u00f3n de los servicios que 114 LUX ESPAI DE LLUM, SL proporciona a trav\u00e9s de dicho sitio web, as\u00ed como para facilitarle informaci\u00f3n comercial sobre servicios que pudieran resultar de su inter\u00e9s.<\/li>\n<\/ol>\n<ol start=\"2\">\n<li>De conformidad con lo establecido por la Ley Org\u00e1nica 15\/1999, de 13 de diciembre, de Protecci\u00f3n de Datos de Car\u00e1cter Personal (en adelante, LOPD), 114 LUX ESPAI DE LLUM, SL titular del sitio web\u00a0<a href=\"http:\/\/puntoluz.com\/\">114LUX.ES<\/a>(en adelante, el sitio web), informa al usuario de este sitio de la existencia de un fichero automatizado de datos de car\u00e1cter personal creado por 114 LUX ESPAI DE LLUM, SL y bajo su responsabilidad.<\/li>\n<\/ol>\n<ol start=\"3\">\n<li>Car\u00e1cter obligatorio o facultativo de la informaci\u00f3n facilitada por el usuario y veracidad de los datos: Los campos marcados con un asterisco (*) en el formulario de registro a cumplimentar por el usuario son estrictamente necesarios para atender a su petici\u00f3n, siendo voluntaria la inclusi\u00f3n de datos en los campos restantes. El usuario garantiza que los datos personales facilitados a 114 LUX ESPAI DE LLUM, SL son veraces y se hace responsable de comunicar al mismo cualquier modificaci\u00f3n de los mismos.<\/li>\n<\/ol>\n<ol start=\"4\">\n<li>Consentimiento del usuario: El env\u00edo de datos personales, mediante el uso de los formularios electr\u00f3nicos de 114 LUX ESPAI DE LLUM, SL o, en su caso, mensajes de correo electr\u00f3nico, supone el consentimiento expreso del remitente al tratamiento automatizado de los datos incluidos en los medios de comunicaci\u00f3n indicados, servicios y productos relacionados con las finalidades de los sitios web de 114 LUX ESPAI DE LLUM, SL, as\u00ed como al env\u00edo de comunicaciones v\u00eda electr\u00f3nica con informaci\u00f3n relacionada con 114 LUX ESPAI DE LLUM, SL y sus iniciativas.<\/li>\n<\/ol>\n<ol start=\"5\">\n<li>Derechos de acceso, rectificaci\u00f3n, oposici\u00f3n y cancelaci\u00f3n de los usuarios. El usuario podr\u00e1 ejercer sus derechos de acceso, rectificaci\u00f3n, oposici\u00f3n y cancelaci\u00f3n al tratamiento de sus datos personales, en los t\u00e9rminos y condiciones previstos en la LOPD. Podr\u00e1 ejercer dichos derechos dirigi\u00e9ndose a 114 LUX ESPAI DE LLUM, SL \u2013 PASSEIG DEL VAPOR GRAN, LOCAL 2D. 08221. TERRASSA &#8211; Espa\u00f1a.<\/li>\n<\/ol>\n<ol start=\"6\">\n<li>Condiciones de Venta:<\/li>\n<\/ol>\n<p><strong>6a<\/strong>. La utilizaci\u00f3n de la p\u00e1gina otorga la utilizaci\u00f3n de usuario e implica la aceptaci\u00f3n de las condiciones del aviso legal, pol\u00edtica de privacidad y condiciones de venta, si el usuario no estuviera conforme, se abstendr\u00e1 de utilizar la p\u00e1gina.<\/p>\n<p><strong>6b<\/strong>. El Usuario est\u00e1 obligado y se compromete a utilizar la p\u00e1gina y los contenidos de conformidad con la legislaci\u00f3n vigente, el Aviso Legal, y cualquier otro aviso contenido en esta p\u00e1gina, as\u00ed como con las normas de convivencia, la moral y buenas costumbres generalmente aceptadas. El Usuario se obliga y se compromete a no transmitir, difundir o poner a disposici\u00f3n de terceros cualquier contenido de la P\u00e1gina, tales como informaciones, textos, datos, contenidos, mensajes, gr\u00e1ficos, dibujos, archivos de sonido y\/o imagen, fotograf\u00edas, grabaciones, software, logotipos, marcas, iconos, tecnolog\u00eda, enlaces, dise\u00f1o gr\u00e1fico y c\u00f3digos fuente, o cualquier otro material al que tuviera acceso en su condici\u00f3n de Usuario de la P\u00e1gina, sin que esta enumeraci\u00f3n tenga car\u00e1cter limitativo.<\/p>\n<p>\u00a0<\/p>\n<p><strong>6c<\/strong>. La realizaci\u00f3n de cualquier compra comporta necesariamente la aceptaci\u00f3n de los t\u00e9rminos y condiciones generales de acceso y uso al sitio web de 114 LUX ESPAI DE LLUM, SL, as\u00ed como de los presentes t\u00e9rminos y condiciones particulares, sin objeci\u00f3n o reserva de ninguna clase.<\/p>\n<p>\u00a0<\/p>\n<ol start=\"7\">\n<li>Seguridad:<\/li>\n<\/ol>\n<p>114 LUX ESPAI DE LLUM, SL mantiene los niveles de seguridad de protecci\u00f3n de datos personales conforme al Real Decreto 994\/1999, de 11 de junio, relativo a las medidas de seguridad de los ficheros automatizados que contengan datos de car\u00e1cter personal, y ha establecido todos los medios t\u00e9cnicos a su alcance para evitar la p\u00e9rdida, mal uso, alteraci\u00f3n, acceso no autorizado y robo de los datos que el usuario facilite a trav\u00e9s del sitio web, sin perjuicio de informarle de que las medidas de seguridad en Internet no son inexpugnables.\u00a0 114 LUX ESPAI DE LLUM, SL se compromete a cumplir con el deber de secreto y confidencialidad respecto de los datos personales contenidos en el fichero automatizado de acuerdo con la legislaci\u00f3n aplicable, as\u00ed como a conferirles un tratamiento seguro en las cesiones y transferencias internacionales de datos que, en su caso, puedan producirse.<\/p>\n<p>\u00a0<\/p>\n<ol start=\"8\">\n<li>Cookies e IPs:<\/li>\n<\/ol>\n<p>El usuario acepta el uso de cookies y seguimientos de IPs. Nuestro analizador de tr\u00e1fico del site utiliza cookies y seguimientos de IPs que nos permiten recoger datos a efectos estad\u00edsticos como: fecha de la primera visita, n\u00famero de veces que se ha visitado, fecha de la \u00faltima visita, URL y dominio de la que proviene, explorador utilizado y resoluci\u00f3n de la pantalla. No obstante, el usuario si lo desea puede desactivar y\/o eliminar estas cookies siguiendo las instrucciones de su navegador de Internet. 114 LUX ESPAI DE LLUM, SL no utiliza t\u00e9cnicas de \u00abspamming\u00bb y \u00fanicamente tratar\u00e1 los datos que el usuario transmita mediante los formularios electr\u00f3nicos habilitados en este sitio web o mensajes de correo electr\u00f3nico.<\/p>\n<p>El tratamiento de los datos de car\u00e1cter personal, as\u00ed como el env\u00edo de comunicaciones comerciales realizadas por medios electr\u00f3nicos, son conformes a la Ley Org\u00e1nica 15\/1999, de 13 de diciembre, de Protecci\u00f3n de Datos de Car\u00e1cter Personal (B.O.E. de 14 de diciembre de 1999) y a la Ley 34\/2002, de 11 de julio, de servicios de la Sociedad de Informaci\u00f3n y de Comercio Electr\u00f3nico (B.O.E. de 12 de julio de 2002).<\/p>\n<p>\u00a0<\/p>\n<ol start=\"9\">\n<li>Modificaci\u00f3n de la presente pol\u00edtica de privacidad:<\/li>\n<\/ol>\n<p>114 LUX ESPAI DE LLUM, SL se reserva el derecho a modificar la presente pol\u00edtica para adaptarla a futuras novedades legislativas o jurisprudenciales, as\u00ed como a pr\u00e1cticas de la industria, informando previamente a los usuarios de los cambios que en ella se produzcan.<\/p>\n<p>\u00a0<\/p>\n<p><strong>Nota legal<\/strong><\/p>\n<p>Seg\u00fan la Ley 34\/2002 de 11 de julio, de servicios de la sociedad de la informaci\u00f3n y de comercio electr\u00f3nico, se facilitan los siguientes datos:<\/p>\n<p>114 LUX ESPAI DE LLUM, SL<\/p>\n<p>Direcci\u00f3n: PASSEIG DEL VAPOR GRAN, LOCAL 2D. 08221. TERRASSA &#8211; Espa\u00f1a<br \/>Tel\u00e9fono: +34 93 784 88 80 93<\/p>\n<p>C.I.F.:\u00a0B-65595845<\/p>\n<p class=\"p1\" style=\"background: white; margin: 0cm 0cm 7.5pt 0cm;\">\u00a0<\/p>\n<p><!-- \/wp:paragraph --><\/p>\t\t\t\t\t\t<\/div>\n\t\t\t\t<\/div>\n\t\t\t\t\t<\/div>\n\t\t<\/div>\n\t\t\t\t\t\t\t<\/div>\n\t\t<\/section>\n\t\t\t\t\t\t<\/div>\n\t\t\t\t\t<\/div>\n\t\t","protected":false},"excerpt":{"rendered":"<p>Los datos de los usuarios registrados a trav\u00e9s de los formularios habilitados al efecto en el sitio web son recabados por 114 LUX ESPAI DE LLUM, SL con la finalidad de facilitar la prestaci\u00f3n de los servicios que 114 LUX ESPAI DE LLUM, SL proporciona a trav\u00e9s de dicho sitio web, as\u00ed como para facilitarle &hellip;<\/p>\n<p class=\"read-more\"> <a class=\"\" href=\"http:\/\/114lux.es\/?page_id=3\"> <span class=\"screen-reader-text\">Aviso legal y Politica de privacidad<\/span> Leer m\u00e1s &raquo;<\/a><\/p>\n","protected":false},"author":1,"featured_media":0,"parent":0,"menu_order":0,"comment_status":"closed","ping_status":"open","template":"","meta":{"_monsterinsights_skip_tracking":false,"_monsterinsights_sitenote_active":false,"_monsterinsights_sitenote_note":"","_monsterinsights_sitenote_category":0,"footnotes":""},"class_list":["post-3","page","type-page","status-publish","hentry"],"uagb_featured_image_src":{"full":false,"thumbnail":false,"medium":false,"medium_large":false,"large":false,"1536x1536":false,"2048x2048":false},"uagb_author_info":{"display_name":"jacob","author_link":"http:\/\/114lux.es\/?author=1"},"uagb_comment_info":0,"uagb_excerpt":"Los datos de los usuarios registrados a trav\u00e9s de los formularios habilitados al efecto en el sitio web son recabados por 114 LUX ESPAI DE LLUM, SL con la finalidad de facilitar la prestaci\u00f3n de los servicios que 114 LUX ESPAI DE LLUM, SL proporciona a trav\u00e9s de dicho sitio web, as\u00ed como para facilitarle&hellip;","_links":{"self":[{"href":"http:\/\/114lux.es\/index.php?rest_route=\/wp\/v2\/pages\/3","targetHints":{"allow":["GET"]}}],"collection":[{"href":"http:\/\/114lux.es\/index.php?rest_route=\/wp\/v2\/pages"}],"about":[{"href":"http:\/\/114lux.es\/index.php?rest_route=\/wp\/v2\/types\/page"}],"author":[{"embeddable":true,"href":"http:\/\/114lux.es\/index.php?rest_route=\/wp\/v2\/users\/1"}],"replies":[{"embeddable":true,"href":"http:\/\/114lux.es\/index.php?rest_route=%2Fwp%2Fv2%2Fcomments&post=3"}],"version-history":[{"count":4,"href":"http:\/\/114lux.es\/index.php?rest_route=\/wp\/v2\/pages\/3\/revisions"}],"predecessor-version":[{"id":596,"href":"http:\/\/114lux.es\/index.php?rest_route=\/wp\/v2\/pages\/3\/revisions\/596"}],"wp:attachment":[{"href":"http:\/\/114lux.es\/index.php?rest_route=%2Fwp%2Fv2%2Fmedia&parent=3"}],"curies":[{"name":"wp","href":"https:\/\/api.w.org\/{rel}","templated":true}]}}