{"id":7,"date":"2021-10-21T10:34:14","date_gmt":"2021-10-21T10:34:14","guid":{"rendered":"http:\/\/localhost\/wordpress\/?page_id=7"},"modified":"2021-11-18T08:52:12","modified_gmt":"2021-11-18T08:52:12","slug":"nosotros","status":"publish","type":"page","link":"http:\/\/114lux.es\/?page_id=7","title":{"rendered":"nosotros"},"content":{"rendered":"\t\t<div data-elementor-type=\"wp-page\" data-elementor-id=\"7\" class=\"elementor elementor-7\" data-elementor-settings=\"[]\">\n\t\t\t\t\t\t\t<div class=\"elementor-section-wrap\">\n\t\t\t\t\t\t\t<section class=\"elementor-section elementor-top-section elementor-element elementor-element-d2c577b elementor-section-boxed elementor-section-height-default elementor-section-height-default\" data-id=\"d2c577b\" data-element_type=\"section\">\n\t\t\t\t\t\t<div class=\"elementor-container elementor-column-gap-default\">\n\t\t\t\t\t<div class=\"elementor-column elementor-col-100 elementor-top-column elementor-element elementor-element-ed395b9\" data-id=\"ed395b9\" data-element_type=\"column\">\n\t\t\t<div class=\"elementor-widget-wrap elementor-element-populated\">\n\t\t\t\t\t\t\t\t<div class=\"elementor-element elementor-element-0889ac6 elementor-widget elementor-widget-spacer\" data-id=\"0889ac6\" data-element_type=\"widget\" data-widget_type=\"spacer.default\">\n\t\t\t\t<div class=\"elementor-widget-container\">\n\t\t\t\t\t<div class=\"elementor-spacer\">\n\t\t\t<div class=\"elementor-spacer-inner\"><\/div>\n\t\t<\/div>\n\t\t\t\t<\/div>\n\t\t\t\t<\/div>\n\t\t\t\t\t<\/div>\n\t\t<\/div>\n\t\t\t\t\t\t\t<\/div>\n\t\t<\/section>\n\t\t\t\t<section class=\"elementor-section elementor-top-section elementor-element elementor-element-bbef802 elementor-section-boxed elementor-section-height-default elementor-section-height-default\" data-id=\"bbef802\" data-element_type=\"section\">\n\t\t\t\t\t\t<div class=\"elementor-container elementor-column-gap-default\">\n\t\t\t\t\t<div class=\"elementor-column elementor-col-100 elementor-top-column elementor-element elementor-element-3eaf6ae\" data-id=\"3eaf6ae\" data-element_type=\"column\">\n\t\t\t<div class=\"elementor-widget-wrap elementor-element-populated\">\n\t\t\t\t\t\t\t\t<div class=\"elementor-element elementor-element-b51cba6 elementor-widget elementor-widget-heading\" data-id=\"b51cba6\" data-element_type=\"widget\" data-widget_type=\"heading.default\">\n\t\t\t\t<div class=\"elementor-widget-container\">\n\t\t\t<h2 class=\"elementor-heading-title elementor-size-default\">THE SPECIALISTS<\/h2>\t\t<\/div>\n\t\t\t\t<\/div>\n\t\t\t\t\t<\/div>\n\t\t<\/div>\n\t\t\t\t\t\t\t<\/div>\n\t\t<\/section>\n\t\t\t\t<section class=\"elementor-section elementor-top-section elementor-element elementor-element-6e69d9b elementor-section-boxed elementor-section-height-default elementor-section-height-default\" data-id=\"6e69d9b\" data-element_type=\"section\">\n\t\t\t\t\t\t<div class=\"elementor-container elementor-column-gap-default\">\n\t\t\t\t\t<div class=\"elementor-column elementor-col-100 elementor-top-column elementor-element elementor-element-f82701c\" data-id=\"f82701c\" data-element_type=\"column\">\n\t\t\t<div class=\"elementor-widget-wrap elementor-element-populated\">\n\t\t\t\t\t\t\t\t<div class=\"elementor-element elementor-element-f2ad6cc elementor-widget elementor-widget-spacer\" data-id=\"f2ad6cc\" data-element_type=\"widget\" data-widget_type=\"spacer.default\">\n\t\t\t\t<div class=\"elementor-widget-container\">\n\t\t\t\t\t<div class=\"elementor-spacer\">\n\t\t\t<div class=\"elementor-spacer-inner\"><\/div>\n\t\t<\/div>\n\t\t\t\t<\/div>\n\t\t\t\t<\/div>\n\t\t\t\t\t<\/div>\n\t\t<\/div>\n\t\t\t\t\t\t\t<\/div>\n\t\t<\/section>\n\t\t\t\t<section class=\"elementor-section elementor-top-section elementor-element elementor-element-476e1a8 elementor-section-boxed elementor-section-height-default elementor-section-height-default\" data-id=\"476e1a8\" data-element_type=\"section\">\n\t\t\t\t\t\t<div class=\"elementor-container elementor-column-gap-default\">\n\t\t\t\t\t<div class=\"elementor-column elementor-col-100 elementor-top-column elementor-element elementor-element-8d317dd\" data-id=\"8d317dd\" data-element_type=\"column\">\n\t\t\t<div class=\"elementor-widget-wrap elementor-element-populated\">\n\t\t\t\t\t\t\t\t<section class=\"elementor-section elementor-inner-section elementor-element elementor-element-928beab elementor-section-boxed elementor-section-height-default elementor-section-height-default\" data-id=\"928beab\" data-element_type=\"section\">\n\t\t\t\t\t\t<div class=\"elementor-container elementor-column-gap-default\">\n\t\t\t\t\t<div class=\"elementor-column elementor-col-50 elementor-inner-column elementor-element elementor-element-f5a52bd\" data-id=\"f5a52bd\" data-element_type=\"column\">\n\t\t\t<div class=\"elementor-widget-wrap elementor-element-populated\">\n\t\t\t\t\t\t\t\t<div class=\"elementor-element elementor-element-b22dc7b elementor-widget elementor-widget-image\" data-id=\"b22dc7b\" data-element_type=\"widget\" data-widget_type=\"image.default\">\n\t\t\t\t<div class=\"elementor-widget-container\">\n\t\t\t\t\t\t\t\t\t\t\t\t\t\t\t<img loading=\"lazy\" decoding=\"async\" width=\"898\" height=\"1024\" src=\"http:\/\/114lux.es\/wp-content\/uploads\/2021\/10\/IMG_2797-1-1-898x1024.jpg\" class=\"attachment-large size-large\" alt=\"\" srcset=\"http:\/\/114lux.es\/wp-content\/uploads\/2021\/10\/IMG_2797-1-1-898x1024.jpg 898w, http:\/\/114lux.es\/wp-content\/uploads\/2021\/10\/IMG_2797-1-1-263x300.jpg 263w, http:\/\/114lux.es\/wp-content\/uploads\/2021\/10\/IMG_2797-1-1-768x876.jpg 768w, http:\/\/114lux.es\/wp-content\/uploads\/2021\/10\/IMG_2797-1-1-1346x1536.jpg 1346w, http:\/\/114lux.es\/wp-content\/uploads\/2021\/10\/IMG_2797-1-1.jpg 1795w\" sizes=\"auto, (max-width: 898px) 100vw, 898px\" \/>\t\t\t\t\t\t\t\t\t\t\t\t\t\t\t<\/div>\n\t\t\t\t<\/div>\n\t\t\t\t\t<\/div>\n\t\t<\/div>\n\t\t\t\t<div class=\"elementor-column elementor-col-50 elementor-inner-column elementor-element elementor-element-991a7ff\" data-id=\"991a7ff\" data-element_type=\"column\">\n\t\t\t<div class=\"elementor-widget-wrap elementor-element-populated\">\n\t\t\t\t\t\t\t\t<div class=\"elementor-element elementor-element-412415d elementor-widget elementor-widget-text-editor\" data-id=\"412415d\" data-element_type=\"widget\" data-widget_type=\"text-editor.default\">\n\t\t\t\t<div class=\"elementor-widget-container\">\n\t\t\t\t\t\t\t<p class=\"font_8\" style=\"text-align: center;\">Somos un equipo con m\u00e1s de 20 a\u00f1os de experiencia y en evoluci\u00f3n continua, especializados en iluminaci\u00f3n decorativa y t\u00e9cnica, Showroom en Terrassa.<\/p><p class=\"font_8\" style=\"text-align: center;\">Nuestra filosof\u00eda, asesorar, desarrollar y personalizar proyectos seg\u00fan sus necesidades.<\/p><p class=\"font_8\" style=\"text-align: center;\">La experiencia nos ha demostrado que trabajando conjuntamente con nuestros profesionales conseguimos una ejecuci\u00f3n \u00f3ptima.<\/p>\t\t\t\t\t\t<\/div>\n\t\t\t\t<\/div>\n\t\t\t\t\t<\/div>\n\t\t<\/div>\n\t\t\t\t\t\t\t<\/div>\n\t\t<\/section>\n\t\t\t\t\t<\/div>\n\t\t<\/div>\n\t\t\t\t\t\t\t<\/div>\n\t\t<\/section>\n\t\t\t\t<section class=\"elementor-section elementor-top-section elementor-element elementor-element-f9511fd elementor-section-boxed elementor-section-height-default elementor-section-height-default\" data-id=\"f9511fd\" data-element_type=\"section\">\n\t\t\t\t\t\t<div class=\"elementor-container elementor-column-gap-default\">\n\t\t\t\t\t<div class=\"elementor-column elementor-col-100 elementor-top-column elementor-element elementor-element-7e923a4\" data-id=\"7e923a4\" data-element_type=\"column\">\n\t\t\t<div class=\"elementor-widget-wrap elementor-element-populated\">\n\t\t\t\t\t\t\t\t<div class=\"elementor-element elementor-element-f57caee elementor-widget elementor-widget-spacer\" data-id=\"f57caee\" data-element_type=\"widget\" data-widget_type=\"spacer.default\">\n\t\t\t\t<div class=\"elementor-widget-container\">\n\t\t\t\t\t<div class=\"elementor-spacer\">\n\t\t\t<div class=\"elementor-spacer-inner\"><\/div>\n\t\t<\/div>\n\t\t\t\t<\/div>\n\t\t\t\t<\/div>\n\t\t\t\t\t<\/div>\n\t\t<\/div>\n\t\t\t\t\t\t\t<\/div>\n\t\t<\/section>\n\t\t\t\t\t\t<\/div>\n\t\t\t\t\t<\/div>\n\t\t","protected":false},"excerpt":{"rendered":"<p>THE SPECIALISTS Somos un equipo con m\u00e1s de 20 a\u00f1os de experiencia y en evoluci\u00f3n continua, especializados en iluminaci\u00f3n decorativa y t\u00e9cnica, Showroom en Terrassa. Nuestra filosof\u00eda, asesorar, desarrollar y personalizar proyectos seg\u00fan sus necesidades. La experiencia nos ha demostrado que trabajando conjuntamente con nuestros profesionales conseguimos una ejecuci\u00f3n \u00f3ptima.<\/p>\n","protected":false},"author":1,"featured_media":0,"parent":0,"menu_order":0,"comment_status":"closed","ping_status":"closed","template":"","meta":{"_monsterinsights_skip_tracking":false,"_monsterinsights_sitenote_active":false,"_monsterinsights_sitenote_note":"","_monsterinsights_sitenote_category":0,"footnotes":""},"class_list":["post-7","page","type-page","status-publish","hentry"],"uagb_featured_image_src":{"full":false,"thumbnail":false,"medium":false,"medium_large":false,"large":false,"1536x1536":false,"2048x2048":false},"uagb_author_info":{"display_name":"jacob","author_link":"http:\/\/114lux.es\/?author=1"},"uagb_comment_info":0,"uagb_excerpt":"THE SPECIALISTS Somos un equipo con m\u00e1s de 20 a\u00f1os de experiencia y en evoluci\u00f3n continua, especializados en iluminaci\u00f3n decorativa y t\u00e9cnica, Showroom en Terrassa. Nuestra filosof\u00eda, asesorar, desarrollar y personalizar proyectos seg\u00fan sus necesidades. La experiencia nos ha demostrado que trabajando conjuntamente con nuestros profesionales conseguimos una ejecuci\u00f3n \u00f3ptima.","_links":{"self":[{"href":"http:\/\/114lux.es\/index.php?rest_route=\/wp\/v2\/pages\/7","targetHints":{"allow":["GET"]}}],"collection":[{"href":"http:\/\/114lux.es\/index.php?rest_route=\/wp\/v2\/pages"}],"about":[{"href":"http:\/\/114lux.es\/index.php?rest_route=\/wp\/v2\/types\/page"}],"author":[{"embeddable":true,"href":"http:\/\/114lux.es\/index.php?rest_route=\/wp\/v2\/users\/1"}],"replies":[{"embeddable":true,"href":"http:\/\/114lux.es\/index.php?rest_route=%2Fwp%2Fv2%2Fcomments&post=7"}],"version-history":[{"count":16,"href":"http:\/\/114lux.es\/index.php?rest_route=\/wp\/v2\/pages\/7\/revisions"}],"predecessor-version":[{"id":549,"href":"http:\/\/114lux.es\/index.php?rest_route=\/wp\/v2\/pages\/7\/revisions\/549"}],"wp:attachment":[{"href":"http:\/\/114lux.es\/index.php?rest_route=%2Fwp%2Fv2%2Fmedia&parent=7"}],"curies":[{"name":"wp","href":"https:\/\/api.w.org\/{rel}","templated":true}]}}