{"id":9,"date":"2021-10-21T10:34:33","date_gmt":"2021-10-21T10:34:33","guid":{"rendered":"http:\/\/localhost\/wordpress\/?page_id=9"},"modified":"2021-11-10T07:54:49","modified_gmt":"2021-11-10T07:54:49","slug":"servicios","status":"publish","type":"page","link":"http:\/\/114lux.es\/?page_id=9","title":{"rendered":"servicios"},"content":{"rendered":"\t\t<div data-elementor-type=\"wp-page\" data-elementor-id=\"9\" class=\"elementor elementor-9\" data-elementor-settings=\"[]\">\n\t\t\t\t\t\t\t<div class=\"elementor-section-wrap\">\n\t\t\t\t\t\t\t<section class=\"elementor-section elementor-top-section elementor-element elementor-element-42acc71 elementor-section-full_width elementor-section-height-default elementor-section-height-default\" data-id=\"42acc71\" data-element_type=\"section\">\n\t\t\t\t\t\t<div class=\"elementor-container elementor-column-gap-default\">\n\t\t\t\t\t<div class=\"elementor-column elementor-col-100 elementor-top-column elementor-element elementor-element-6945e2c\" data-id=\"6945e2c\" data-element_type=\"column\">\n\t\t\t<div class=\"elementor-widget-wrap elementor-element-populated\">\n\t\t\t\t\t\t\t\t<div class=\"elementor-element elementor-element-23aef58 elementor-widget elementor-widget-spacer\" data-id=\"23aef58\" data-element_type=\"widget\" data-widget_type=\"spacer.default\">\n\t\t\t\t<div class=\"elementor-widget-container\">\n\t\t\t\t\t<div class=\"elementor-spacer\">\n\t\t\t<div class=\"elementor-spacer-inner\"><\/div>\n\t\t<\/div>\n\t\t\t\t<\/div>\n\t\t\t\t<\/div>\n\t\t\t\t<div class=\"elementor-element elementor-element-1f42fbb elementor-widget elementor-widget-heading\" data-id=\"1f42fbb\" data-element_type=\"widget\" data-widget_type=\"heading.default\">\n\t\t\t\t<div class=\"elementor-widget-container\">\n\t\t\t<h2 class=\"elementor-heading-title elementor-size-default\">LIGHTING UP\nCREATIVE MINDS<\/h2>\t\t<\/div>\n\t\t\t\t<\/div>\n\t\t\t\t\t<\/div>\n\t\t<\/div>\n\t\t\t\t\t\t\t<\/div>\n\t\t<\/section>\n\t\t\t\t<section class=\"elementor-section elementor-top-section elementor-element elementor-element-77f8fa6 elementor-section-boxed elementor-section-height-default elementor-section-height-default\" data-id=\"77f8fa6\" data-element_type=\"section\">\n\t\t\t\t\t\t<div class=\"elementor-container elementor-column-gap-default\">\n\t\t\t\t\t<div class=\"elementor-column elementor-col-100 elementor-top-column elementor-element elementor-element-669d3e0\" data-id=\"669d3e0\" data-element_type=\"column\">\n\t\t\t<div class=\"elementor-widget-wrap elementor-element-populated\">\n\t\t\t\t\t\t\t\t<div class=\"elementor-element elementor-element-a71aa22 elementor-widget elementor-widget-spacer\" data-id=\"a71aa22\" data-element_type=\"widget\" data-widget_type=\"spacer.default\">\n\t\t\t\t<div class=\"elementor-widget-container\">\n\t\t\t\t\t<div class=\"elementor-spacer\">\n\t\t\t<div class=\"elementor-spacer-inner\"><\/div>\n\t\t<\/div>\n\t\t\t\t<\/div>\n\t\t\t\t<\/div>\n\t\t\t\t<section class=\"elementor-section elementor-inner-section elementor-element elementor-element-ad3cef7 elementor-section-boxed elementor-section-height-default elementor-section-height-default\" data-id=\"ad3cef7\" data-element_type=\"section\">\n\t\t\t\t\t\t<div class=\"elementor-container elementor-column-gap-default\">\n\t\t\t\t\t<div class=\"elementor-column elementor-col-50 elementor-inner-column elementor-element elementor-element-60ad535\" data-id=\"60ad535\" data-element_type=\"column\">\n\t\t\t<div class=\"elementor-widget-wrap elementor-element-populated\">\n\t\t\t\t\t\t\t\t<div class=\"elementor-element elementor-element-5d00a9c elementor-widget elementor-widget-image\" data-id=\"5d00a9c\" data-element_type=\"widget\" data-widget_type=\"image.default\">\n\t\t\t\t<div class=\"elementor-widget-container\">\n\t\t\t\t\t\t\t\t\t\t\t\t\t\t\t<img loading=\"lazy\" decoding=\"async\" width=\"1024\" height=\"684\" src=\"http:\/\/114lux.es\/wp-content\/uploads\/2021\/10\/pexels-anete-lusina-4792483-1024x684.jpg\" class=\"attachment-large size-large\" alt=\"\" srcset=\"http:\/\/114lux.es\/wp-content\/uploads\/2021\/10\/pexels-anete-lusina-4792483-1024x684.jpg 1024w, http:\/\/114lux.es\/wp-content\/uploads\/2021\/10\/pexels-anete-lusina-4792483-300x200.jpg 300w, http:\/\/114lux.es\/wp-content\/uploads\/2021\/10\/pexels-anete-lusina-4792483-768x513.jpg 768w, http:\/\/114lux.es\/wp-content\/uploads\/2021\/10\/pexels-anete-lusina-4792483-1536x1025.jpg 1536w, http:\/\/114lux.es\/wp-content\/uploads\/2021\/10\/pexels-anete-lusina-4792483-2048x1367.jpg 2048w\" sizes=\"auto, (max-width: 1024px) 100vw, 1024px\" \/>\t\t\t\t\t\t\t\t\t\t\t\t\t\t\t<\/div>\n\t\t\t\t<\/div>\n\t\t\t\t\t<\/div>\n\t\t<\/div>\n\t\t\t\t<div class=\"elementor-column elementor-col-50 elementor-inner-column elementor-element elementor-element-7e808b6\" data-id=\"7e808b6\" data-element_type=\"column\">\n\t\t\t<div class=\"elementor-widget-wrap elementor-element-populated\">\n\t\t\t\t\t\t\t\t<div class=\"elementor-element elementor-element-be00143 elementor-widget elementor-widget-heading\" data-id=\"be00143\" data-element_type=\"widget\" data-widget_type=\"heading.default\">\n\t\t\t\t<div class=\"elementor-widget-container\">\n\t\t\t<h2 class=\"elementor-heading-title elementor-size-default\">Asesoramiento<\/h2>\t\t<\/div>\n\t\t\t\t<\/div>\n\t\t\t\t<div class=\"elementor-element elementor-element-da6bad7 elementor-widget elementor-widget-text-editor\" data-id=\"da6bad7\" data-element_type=\"widget\" data-widget_type=\"text-editor.default\">\n\t\t\t\t<div class=\"elementor-widget-container\">\n\t\t\t\t\t\t\t<p>Desarrollamos una idea conceptual personalizada seg\u00fan las necesidades del proyecto<\/p>\t\t\t\t\t\t<\/div>\n\t\t\t\t<\/div>\n\t\t\t\t<div class=\"elementor-element elementor-element-9ba995b elementor-widget elementor-widget-heading\" data-id=\"9ba995b\" data-element_type=\"widget\" data-widget_type=\"heading.default\">\n\t\t\t\t<div class=\"elementor-widget-container\">\n\t\t\t<h2 class=\"elementor-heading-title elementor-size-default\">Planos y Proyecto<\/h2>\t\t<\/div>\n\t\t\t\t<\/div>\n\t\t\t\t<div class=\"elementor-element elementor-element-4ce3db7 elementor-widget elementor-widget-text-editor\" data-id=\"4ce3db7\" data-element_type=\"widget\" data-widget_type=\"text-editor.default\">\n\t\t\t\t<div class=\"elementor-widget-container\">\n\t\t\t\t\t\t\t<p>Gesti\u00f3n de toda la informaci\u00f3n necesaria para la ejecuci\u00f3n de un proyecto lum\u00ednico, Planos B\u00e1sicos, Planos en DWG, Proyectos ejecutivos, Estudios Lum\u00ednicos DIAlux, Fichas t\u00e9cnicas, Instrucciones de Montaje.<\/p>\t\t\t\t\t\t<\/div>\n\t\t\t\t<\/div>\n\t\t\t\t\t<\/div>\n\t\t<\/div>\n\t\t\t\t\t\t\t<\/div>\n\t\t<\/section>\n\t\t\t\t\t<\/div>\n\t\t<\/div>\n\t\t\t\t\t\t\t<\/div>\n\t\t<\/section>\n\t\t\t\t<section class=\"elementor-section elementor-top-section elementor-element elementor-element-2342b4e elementor-section-boxed elementor-section-height-default elementor-section-height-default\" data-id=\"2342b4e\" data-element_type=\"section\">\n\t\t\t\t\t\t<div class=\"elementor-container elementor-column-gap-default\">\n\t\t\t\t\t<div class=\"elementor-column elementor-col-100 elementor-top-column elementor-element elementor-element-664a41c\" data-id=\"664a41c\" data-element_type=\"column\">\n\t\t\t<div class=\"elementor-widget-wrap elementor-element-populated\">\n\t\t\t\t\t\t\t\t<section class=\"elementor-section elementor-inner-section elementor-element elementor-element-037e028 elementor-section-boxed elementor-section-height-default elementor-section-height-default\" data-id=\"037e028\" data-element_type=\"section\">\n\t\t\t\t\t\t<div class=\"elementor-container elementor-column-gap-default\">\n\t\t\t\t\t<div class=\"elementor-column elementor-col-50 elementor-inner-column elementor-element elementor-element-ef5a051\" data-id=\"ef5a051\" data-element_type=\"column\">\n\t\t\t<div class=\"elementor-widget-wrap elementor-element-populated\">\n\t\t\t\t\t\t\t\t<div class=\"elementor-element elementor-element-a609a42 elementor-widget elementor-widget-heading\" data-id=\"a609a42\" data-element_type=\"widget\" data-widget_type=\"heading.default\">\n\t\t\t\t<div class=\"elementor-widget-container\">\n\t\t\t<h2 class=\"elementor-heading-title elementor-size-default\">Presupuestacion y\nsuministro<\/h2>\t\t<\/div>\n\t\t\t\t<\/div>\n\t\t\t\t<div class=\"elementor-element elementor-element-f689db5 elementor-widget elementor-widget-text-editor\" data-id=\"f689db5\" data-element_type=\"widget\" data-widget_type=\"text-editor.default\">\n\t\t\t\t<div class=\"elementor-widget-container\">\n\t\t\t\t\t\t\t<p class=\"font_8\">Realizaci\u00f3n de presupuestos personalizados a medida\u00a0<span style=\"font-style: inherit; font-weight: inherit;\">Dise\u00f1o y customizaci\u00f3n de luminarias.<\/span><\/p><p class=\"font_8\">Distribuimos las Principales marcas nacionales e internacionales del mercado.<\/p>\t\t\t\t\t\t<\/div>\n\t\t\t\t<\/div>\n\t\t\t\t\t<\/div>\n\t\t<\/div>\n\t\t\t\t<div class=\"elementor-column elementor-col-50 elementor-inner-column elementor-element elementor-element-a2477c9\" data-id=\"a2477c9\" data-element_type=\"column\">\n\t\t\t<div class=\"elementor-widget-wrap elementor-element-populated\">\n\t\t\t\t\t\t\t\t<div class=\"elementor-element elementor-element-22a182d elementor-widget elementor-widget-image\" data-id=\"22a182d\" data-element_type=\"widget\" data-widget_type=\"image.default\">\n\t\t\t\t<div class=\"elementor-widget-container\">\n\t\t\t\t\t\t\t\t\t\t\t\t\t\t\t<img loading=\"lazy\" decoding=\"async\" width=\"1024\" height=\"683\" src=\"http:\/\/114lux.es\/wp-content\/uploads\/2021\/10\/mathematics-g83ac8c9ee_1920-1024x683.jpg\" class=\"attachment-large size-large\" alt=\"\" srcset=\"http:\/\/114lux.es\/wp-content\/uploads\/2021\/10\/mathematics-g83ac8c9ee_1920-1024x683.jpg 1024w, http:\/\/114lux.es\/wp-content\/uploads\/2021\/10\/mathematics-g83ac8c9ee_1920-300x200.jpg 300w, http:\/\/114lux.es\/wp-content\/uploads\/2021\/10\/mathematics-g83ac8c9ee_1920-768x512.jpg 768w, http:\/\/114lux.es\/wp-content\/uploads\/2021\/10\/mathematics-g83ac8c9ee_1920-1536x1024.jpg 1536w, http:\/\/114lux.es\/wp-content\/uploads\/2021\/10\/mathematics-g83ac8c9ee_1920.jpg 1920w\" sizes=\"auto, (max-width: 1024px) 100vw, 1024px\" \/>\t\t\t\t\t\t\t\t\t\t\t\t\t\t\t<\/div>\n\t\t\t\t<\/div>\n\t\t\t\t\t<\/div>\n\t\t<\/div>\n\t\t\t\t\t\t\t<\/div>\n\t\t<\/section>\n\t\t\t\t\t<\/div>\n\t\t<\/div>\n\t\t\t\t\t\t\t<\/div>\n\t\t<\/section>\n\t\t\t\t<section class=\"elementor-section elementor-top-section elementor-element elementor-element-5d84595 elementor-section-boxed elementor-section-height-default elementor-section-height-default\" data-id=\"5d84595\" data-element_type=\"section\">\n\t\t\t\t\t\t<div class=\"elementor-container elementor-column-gap-default\">\n\t\t\t\t\t<div class=\"elementor-column elementor-col-100 elementor-top-column elementor-element elementor-element-baa3a38\" data-id=\"baa3a38\" data-element_type=\"column\">\n\t\t\t<div class=\"elementor-widget-wrap elementor-element-populated\">\n\t\t\t\t\t\t\t\t<section class=\"elementor-section elementor-inner-section elementor-element elementor-element-0cd0a5d elementor-section-boxed elementor-section-height-default elementor-section-height-default\" data-id=\"0cd0a5d\" data-element_type=\"section\">\n\t\t\t\t\t\t<div class=\"elementor-container elementor-column-gap-default\">\n\t\t\t\t\t<div class=\"elementor-column elementor-col-50 elementor-inner-column elementor-element elementor-element-dd3c68d\" data-id=\"dd3c68d\" data-element_type=\"column\">\n\t\t\t<div class=\"elementor-widget-wrap elementor-element-populated\">\n\t\t\t\t\t\t\t\t<div class=\"elementor-element elementor-element-31c8e7b elementor-widget elementor-widget-image\" data-id=\"31c8e7b\" data-element_type=\"widget\" data-widget_type=\"image.default\">\n\t\t\t\t<div class=\"elementor-widget-container\">\n\t\t\t\t\t\t\t\t\t\t\t\t\t\t\t<img loading=\"lazy\" decoding=\"async\" width=\"1024\" height=\"734\" src=\"http:\/\/114lux.es\/wp-content\/uploads\/2021\/10\/jan-antonin-kolar-uYmF6ncEgLY-unsplash-1-1024x734.jpg\" class=\"attachment-large size-large\" alt=\"\" srcset=\"http:\/\/114lux.es\/wp-content\/uploads\/2021\/10\/jan-antonin-kolar-uYmF6ncEgLY-unsplash-1-1024x734.jpg 1024w, http:\/\/114lux.es\/wp-content\/uploads\/2021\/10\/jan-antonin-kolar-uYmF6ncEgLY-unsplash-1-300x215.jpg 300w, http:\/\/114lux.es\/wp-content\/uploads\/2021\/10\/jan-antonin-kolar-uYmF6ncEgLY-unsplash-1-768x550.jpg 768w, http:\/\/114lux.es\/wp-content\/uploads\/2021\/10\/jan-antonin-kolar-uYmF6ncEgLY-unsplash-1-1536x1100.jpg 1536w, http:\/\/114lux.es\/wp-content\/uploads\/2021\/10\/jan-antonin-kolar-uYmF6ncEgLY-unsplash-1-2048x1467.jpg 2048w\" sizes=\"auto, (max-width: 1024px) 100vw, 1024px\" \/>\t\t\t\t\t\t\t\t\t\t\t\t\t\t\t<\/div>\n\t\t\t\t<\/div>\n\t\t\t\t\t<\/div>\n\t\t<\/div>\n\t\t\t\t<div class=\"elementor-column elementor-col-50 elementor-inner-column elementor-element elementor-element-31c381c\" data-id=\"31c381c\" data-element_type=\"column\">\n\t\t\t<div class=\"elementor-widget-wrap elementor-element-populated\">\n\t\t\t\t\t\t\t\t<div class=\"elementor-element elementor-element-6d04ddc elementor-widget elementor-widget-heading\" data-id=\"6d04ddc\" data-element_type=\"widget\" data-widget_type=\"heading.default\">\n\t\t\t\t<div class=\"elementor-widget-container\">\n\t\t\t<h2 class=\"elementor-heading-title elementor-size-default\">Seguimiento y\nsupervision<\/h2>\t\t<\/div>\n\t\t\t\t<\/div>\n\t\t\t\t<div class=\"elementor-element elementor-element-eef74a8 elementor-widget elementor-widget-text-editor\" data-id=\"eef74a8\" data-element_type=\"widget\" data-widget_type=\"text-editor.default\">\n\t\t\t\t<div class=\"elementor-widget-container\">\n\t\t\t\t\t\t\t<p class=\"font_8\">Realizamos el suministro y seguimiento de materiales, y coordinaci\u00f3n con el resto de profesionales.\u00a0<\/p><p class=\"font_8\">Supervisamos y asesoramos la ejecuci\u00f3n en obra.<\/p>\t\t\t\t\t\t<\/div>\n\t\t\t\t<\/div>\n\t\t\t\t\t<\/div>\n\t\t<\/div>\n\t\t\t\t\t\t\t<\/div>\n\t\t<\/section>\n\t\t\t\t\t<\/div>\n\t\t<\/div>\n\t\t\t\t\t\t\t<\/div>\n\t\t<\/section>\n\t\t\t\t\t\t<\/div>\n\t\t\t\t\t<\/div>\n\t\t","protected":false},"excerpt":{"rendered":"<p>LIGHTING UP CREATIVE MINDS Asesoramiento Desarrollamos una idea conceptual personalizada seg\u00fan las necesidades del proyecto Planos y Proyecto Gesti\u00f3n de toda la informaci\u00f3n necesaria para la ejecuci\u00f3n de un proyecto lum\u00ednico, Planos B\u00e1sicos, Planos en DWG, Proyectos ejecutivos, Estudios Lum\u00ednicos DIAlux, Fichas t\u00e9cnicas, Instrucciones de Montaje. Presupuestacion y suministro Realizaci\u00f3n de presupuestos personalizados a medida\u00a0Dise\u00f1o &hellip;<\/p>\n<p class=\"read-more\"> <a class=\"\" href=\"http:\/\/114lux.es\/?page_id=9\"> <span class=\"screen-reader-text\">servicios<\/span> Leer m\u00e1s &raquo;<\/a><\/p>\n","protected":false},"author":1,"featured_media":0,"parent":0,"menu_order":0,"comment_status":"closed","ping_status":"closed","template":"","meta":{"_monsterinsights_skip_tracking":false,"_monsterinsights_sitenote_active":false,"_monsterinsights_sitenote_note":"","_monsterinsights_sitenote_category":0,"footnotes":""},"class_list":["post-9","page","type-page","status-publish","hentry"],"uagb_featured_image_src":{"full":false,"thumbnail":false,"medium":false,"medium_large":false,"large":false,"1536x1536":false,"2048x2048":false},"uagb_author_info":{"display_name":"jacob","author_link":"http:\/\/114lux.es\/?author=1"},"uagb_comment_info":0,"uagb_excerpt":"LIGHTING UP CREATIVE MINDS Asesoramiento Desarrollamos una idea conceptual personalizada seg\u00fan las necesidades del proyecto Planos y Proyecto Gesti\u00f3n de toda la informaci\u00f3n necesaria para la ejecuci\u00f3n de un proyecto lum\u00ednico, Planos B\u00e1sicos, Planos en DWG, Proyectos ejecutivos, Estudios Lum\u00ednicos DIAlux, Fichas t\u00e9cnicas, Instrucciones de Montaje. Presupuestacion y suministro Realizaci\u00f3n de presupuestos personalizados a medida\u00a0Dise\u00f1o&hellip;","_links":{"self":[{"href":"http:\/\/114lux.es\/index.php?rest_route=\/wp\/v2\/pages\/9","targetHints":{"allow":["GET"]}}],"collection":[{"href":"http:\/\/114lux.es\/index.php?rest_route=\/wp\/v2\/pages"}],"about":[{"href":"http:\/\/114lux.es\/index.php?rest_route=\/wp\/v2\/types\/page"}],"author":[{"embeddable":true,"href":"http:\/\/114lux.es\/index.php?rest_route=\/wp\/v2\/users\/1"}],"replies":[{"embeddable":true,"href":"http:\/\/114lux.es\/index.php?rest_route=%2Fwp%2Fv2%2Fcomments&post=9"}],"version-history":[{"count":22,"href":"http:\/\/114lux.es\/index.php?rest_route=\/wp\/v2\/pages\/9\/revisions"}],"predecessor-version":[{"id":505,"href":"http:\/\/114lux.es\/index.php?rest_route=\/wp\/v2\/pages\/9\/revisions\/505"}],"wp:attachment":[{"href":"http:\/\/114lux.es\/index.php?rest_route=%2Fwp%2Fv2%2Fmedia&parent=9"}],"curies":[{"name":"wp","href":"https:\/\/api.w.org\/{rel}","templated":true}]}}